{"id":1588,"date":"2025-04-15T11:14:59","date_gmt":"2025-04-15T15:14:59","guid":{"rendered":"https:\/\/latitude90.ca\/?page_id=1588"},"modified":"2025-04-15T13:45:53","modified_gmt":"2025-04-15T17:45:53","slug":"niezrownana-wydajnosc","status":"publish","type":"page","link":"https:\/\/latitude90.ca\/pl\/niezrownana-wydajnosc\/","title":{"rendered":"Niezr\u00f3wnana wydajno\u015b\u0107"},"content":{"rendered":"","protected":false},"excerpt":{"rendered":"","protected":false},"author":1,"featured_media":0,"parent":0,"menu_order":0,"comment_status":"closed","ping_status":"closed","template":"content-efficiency.php","meta":{"_acf_changed":false,"footnotes":""},"class_list":["post-1588","page","type-page","status-publish","hentry"],"acf":[],"aioseo_notices":[],"_links":{"self":[{"href":"https:\/\/latitude90.ca\/pl\/wp-json\/wp\/v2\/pages\/1588","targetHints":{"allow":["GET"]}}],"collection":[{"href":"https:\/\/latitude90.ca\/pl\/wp-json\/wp\/v2\/pages"}],"about":[{"href":"https:\/\/latitude90.ca\/pl\/wp-json\/wp\/v2\/types\/page"}],"author":[{"embeddable":true,"href":"https:\/\/latitude90.ca\/pl\/wp-json\/wp\/v2\/users\/1"}],"replies":[{"embeddable":true,"href":"https:\/\/latitude90.ca\/pl\/wp-json\/wp\/v2\/comments?post=1588"}],"version-history":[{"count":3,"href":"https:\/\/latitude90.ca\/pl\/wp-json\/wp\/v2\/pages\/1588\/revisions"}],"predecessor-version":[{"id":1946,"href":"https:\/\/latitude90.ca\/pl\/wp-json\/wp\/v2\/pages\/1588\/revisions\/1946"}],"wp:attachment":[{"href":"https:\/\/latitude90.ca\/pl\/wp-json\/wp\/v2\/media?parent=1588"}],"curies":[{"name":"wp","href":"https:\/\/api.w.org\/{rel}","templated":true}]}}