{"id":1938,"date":"2025-04-15T11:57:47","date_gmt":"2025-04-15T15:57:47","guid":{"rendered":"https:\/\/latitude90.ca\/?page_id=1938"},"modified":"2025-04-15T13:20:13","modified_gmt":"2025-04-15T17:20:13","slug":"najwyzsza-wydajnosc","status":"publish","type":"page","link":"https:\/\/latitude90.ca\/pl\/najwyzsza-wydajnosc\/","title":{"rendered":"Najwy\u017csza wydajno\u015b\u0107"},"content":{"rendered":"","protected":false},"excerpt":{"rendered":"","protected":false},"author":1,"featured_media":0,"parent":0,"menu_order":0,"comment_status":"closed","ping_status":"closed","template":"content-slickp.php","meta":{"_acf_changed":false,"footnotes":""},"class_list":["post-1938","page","type-page","status-publish","hentry"],"acf":[],"aioseo_notices":[],"_links":{"self":[{"href":"https:\/\/latitude90.ca\/pl\/wp-json\/wp\/v2\/pages\/1938","targetHints":{"allow":["GET"]}}],"collection":[{"href":"https:\/\/latitude90.ca\/pl\/wp-json\/wp\/v2\/pages"}],"about":[{"href":"https:\/\/latitude90.ca\/pl\/wp-json\/wp\/v2\/types\/page"}],"author":[{"embeddable":true,"href":"https:\/\/latitude90.ca\/pl\/wp-json\/wp\/v2\/users\/1"}],"replies":[{"embeddable":true,"href":"https:\/\/latitude90.ca\/pl\/wp-json\/wp\/v2\/comments?post=1938"}],"version-history":[{"count":3,"href":"https:\/\/latitude90.ca\/pl\/wp-json\/wp\/v2\/pages\/1938\/revisions"}],"predecessor-version":[{"id":1943,"href":"https:\/\/latitude90.ca\/pl\/wp-json\/wp\/v2\/pages\/1938\/revisions\/1943"}],"wp:attachment":[{"href":"https:\/\/latitude90.ca\/pl\/wp-json\/wp\/v2\/media?parent=1938"}],"curies":[{"name":"wp","href":"https:\/\/api.w.org\/{rel}","templated":true}]}}